{"id":168,"date":"2024-01-19T15:27:08","date_gmt":"2024-01-19T18:27:08","guid":{"rendered":"https:\/\/angelopitombo.com.br\/?page_id=168"},"modified":"2024-01-29T10:24:26","modified_gmt":"2024-01-29T13:24:26","slug":"publicacoes","status":"publish","type":"page","link":"https:\/\/angelopitombo.com.br\/index.php\/publicacoes\/","title":{"rendered":"Publica\u00e7\u00f5es"},"content":{"rendered":"\t\t<div data-elementor-type=\"wp-page\" data-elementor-id=\"168\" class=\"elementor elementor-168\">\n\t\t\t\t\t\t<section class=\"elementor-section elementor-top-section elementor-element elementor-element-e0b6fb7 elementor-section-boxed elementor-section-height-default elementor-section-height-default\" data-id=\"e0b6fb7\" data-element_type=\"section\" data-settings=\"{&quot;background_background&quot;:&quot;classic&quot;}\">\n\t\t\t\t\t\t\t<div class=\"elementor-background-overlay\"><\/div>\n\t\t\t\t\t\t\t<div class=\"elementor-container elementor-column-gap-no\">\n\t\t\t\t\t<div class=\"aux-parallax-section elementor-column elementor-col-100 elementor-top-column elementor-element elementor-element-74ce215\" data-id=\"74ce215\" data-element_type=\"column\">\n\t\t\t<div class=\"elementor-widget-wrap elementor-element-populated\">\n\t\t\t\t\t\t<div class=\"elementor-element elementor-element-5cd2819 aux-appear-watch-animation aux-slide-from-bot elementor-widget elementor-widget-aux_modern_heading\" data-id=\"5cd2819\" data-element_type=\"widget\" data-widget_type=\"aux_modern_heading.default\">\n\t\t\t\t<div class=\"elementor-widget-container\">\n\t\t\t\t\t<section class=\"aux-widget-modern-heading\">\n            <div class=\"aux-widget-inner\"><p class=\"aux-modern-heading-primary\">Publica\u00e7\u00f5es<\/p><div class=\"aux-modern-heading-divider\"><\/div><\/div>\n        <\/section>\t\t\t\t<\/div>\n\t\t\t\t<\/div>\n\t\t\t\t\t<\/div>\n\t\t<\/div>\n\t\t\t\t\t<\/div>\n\t\t<\/section>\n\t\t\t\t<section class=\"elementor-section elementor-top-section elementor-element elementor-element-df93de4 elementor-section-boxed elementor-section-height-default elementor-section-height-default\" data-id=\"df93de4\" data-element_type=\"section\">\n\t\t\t\t\t\t<div class=\"elementor-container elementor-column-gap-no\">\n\t\t\t\t\t<div class=\"aux-parallax-section elementor-column elementor-col-100 elementor-top-column elementor-element elementor-element-1d3feec\" data-id=\"1d3feec\" data-element_type=\"column\">\n\t\t\t<div class=\"elementor-widget-wrap elementor-element-populated\">\n\t\t\t\t\t\t<div class=\"elementor-element elementor-element-08f35de aux-appear-watch-animation aux-fade-in-up elementor-widget elementor-widget-aux_recent_posts\" data-id=\"08f35de\" data-element_type=\"widget\" data-settings=\"{&quot;columns&quot;:&quot;3&quot;,&quot;columns_tablet&quot;:&quot;2&quot;,&quot;columns_mobile&quot;:&quot;1&quot;}\" data-widget_type=\"aux_recent_posts.default\">\n\t\t\t\t<div class=\"elementor-widget-container\">\n\t\t\t\t\t<section class=\"widget-container aux-widget-recent-posts aux-parent-au842bbfb4\"><div data-element-id=\"au842bbfb4\" class=\"aux-match-height aux-row aux-de-col3 aux-tb-col2 aux-mb-col1 aux-total-3 aux-ajax-view  \"><div class=\"aux-col post-362\">\n                        <article class=\"post column-entry post-362 type-post status-publish format-standard has-post-thumbnail hentry category-sem-categoria\">\n                                                        <div class=\"entry-media\"><div class=\"aux-media-frame aux-media-image aux-image-mask\"><a href=\"https:\/\/angelopitombo.com.br\/index.php\/2024\/01\/25\/as-medidas-tributarias-adotadas-pelos-estados-diante-da-pandemia-da-covid-19\/\"><img decoding=\"async\" src=\"https:\/\/angelopitombo.com.br\/wp-content\/uploads\/2024\/01\/covid-637x449.jpg\" class=\"aux-attachment aux-featured-image attachment-636.66666666667x449.35933333333 aux-attachment-id-363 \" alt=\"covid\" srcset=\"https:\/\/angelopitombo.com.br\/wp-content\/uploads\/2024\/01\/covid-150x106.jpg 150w,https:\/\/angelopitombo.com.br\/wp-content\/uploads\/2024\/01\/covid-300x212.jpg 300w,https:\/\/angelopitombo.com.br\/wp-content\/uploads\/2024\/01\/covid-768x542.jpg 768w,https:\/\/angelopitombo.com.br\/wp-content\/uploads\/2024\/01\/covid-1024x723.jpg 1024w,https:\/\/angelopitombo.com.br\/wp-content\/uploads\/2024\/01\/covid-637x449.jpg 637w,https:\/\/angelopitombo.com.br\/wp-content\/uploads\/2024\/01\/covid-1310x924.jpg 1310w\" data-ratio=\"1.42\" data-original-w=\"1320\" sizes=\"(max-width:479px) 480px,(max-width:767px) 768px,(max-width:1023px) 1024px,637px\" \/><\/a><\/div><\/div>\n                            \n                            <div class=\"entry-main\">\n                                                                                        \n                                <div class=\"entry-info\">\n                                                                                                                                                                                                        <\/div>\n                            \n                                <header class=\"entry-header\">\n                                \n                                    <h4 class=\"entry-title\">\n                                        <a href=\"https:\/\/angelopitombo.com.br\/index.php\/2024\/01\/25\/as-medidas-tributarias-adotadas-pelos-estados-diante-da-pandemia-da-covid-19\/\">\n                                            As medidas tribut\u00e1rias adotadas pelos estados diante da pandemia da Covid-19                                        <\/a>\n                                    <\/h4>\n                                                                    <div class=\"entry-format\">\n                                        <a href=\"https:\/\/angelopitombo.com.br\/index.php\/2024\/01\/25\/as-medidas-tributarias-adotadas-pelos-estados-diante-da-pandemia-da-covid-19\/\">\n                                            <div class=\"post-format format-\"> <\/div>\n                                        <\/a>\n                                    <\/div>\n                                <\/header>\n                            \n                                                            <div class=\"entry-content\">\n                                                                            <p>\nCom amparo nos levantamentos da Federa\u00e7\u00e3o das Ind\u00fastrias do Estado de S\u00e3o Paulo (Fiesp),&nbsp;73% das empresas precisar\u00e3o de cr\u00e9dito para capital de  ...<\/p><div class=\"clear\"><\/div>                                <\/div>\n                                                                                        <footer class=\"entry-meta aux-after-content\">\n                                                                        <div class=\"readmore\">\n                                        <a href=\"https:\/\/angelopitombo.com.br\/index.php\/2024\/01\/25\/as-medidas-tributarias-adotadas-pelos-estados-diante-da-pandemia-da-covid-19\/\" class=\"aux-read-more\"><span class=\"aux-read-more-text\">Leia mais<\/span><\/a>\n                                    <\/div>\n                                                                    <\/footer>\n                            \n                            <\/div>\n\n                        <\/article>\n<\/div><div class=\"aux-col post-367\">\n                        <article class=\"post column-entry post-367 type-post status-publish format-standard has-post-thumbnail hentry category-sem-categoria\">\n                                                        <div class=\"entry-media\"><div class=\"aux-media-frame aux-media-image aux-image-mask\"><a href=\"https:\/\/angelopitombo.com.br\/index.php\/2024\/01\/25\/baiano-integra-conselho-em-sp\/\"><img decoding=\"async\" src=\"https:\/\/angelopitombo.com.br\/wp-content\/uploads\/2024\/01\/angelo-pitombo-artigo-637x449.jpg\" class=\"aux-attachment aux-featured-image attachment-636.66666666667x449.35933333333 aux-attachment-id-365 \" alt=\"angelo-pitombo-artigo\" srcset=\"https:\/\/angelopitombo.com.br\/wp-content\/uploads\/2024\/01\/angelo-pitombo-artigo-150x106.jpg 150w,https:\/\/angelopitombo.com.br\/wp-content\/uploads\/2024\/01\/angelo-pitombo-artigo-300x212.jpg 300w,https:\/\/angelopitombo.com.br\/wp-content\/uploads\/2024\/01\/angelo-pitombo-artigo-768x542.jpg 768w,https:\/\/angelopitombo.com.br\/wp-content\/uploads\/2024\/01\/angelo-pitombo-artigo-1024x723.jpg 1024w,https:\/\/angelopitombo.com.br\/wp-content\/uploads\/2024\/01\/angelo-pitombo-artigo-637x449.jpg 637w,https:\/\/angelopitombo.com.br\/wp-content\/uploads\/2024\/01\/angelo-pitombo-artigo-1310x924.jpg 1310w\" data-ratio=\"1.42\" data-original-w=\"1320\" sizes=\"(max-width:479px) 480px,(max-width:767px) 768px,(max-width:1023px) 1024px,637px\" \/><\/a><\/div><\/div>\n                            \n                            <div class=\"entry-main\">\n                                                                                        \n                                <div class=\"entry-info\">\n                                                                                                                                                                                                        <\/div>\n                            \n                                <header class=\"entry-header\">\n                                \n                                    <h4 class=\"entry-title\">\n                                        <a href=\"https:\/\/angelopitombo.com.br\/index.php\/2024\/01\/25\/baiano-integra-conselho-em-sp\/\">\n                                            Baiano integra Conselho em SP                                        <\/a>\n                                    <\/h4>\n                                                                    <div class=\"entry-format\">\n                                        <a href=\"https:\/\/angelopitombo.com.br\/index.php\/2024\/01\/25\/baiano-integra-conselho-em-sp\/\">\n                                            <div class=\"post-format format-\"> <\/div>\n                                        <\/a>\n                                    <\/div>\n                                <\/header>\n                            \n                                                            <div class=\"entry-content\">\n                                                                            <p>\nO advogado tributarista baiano \u00c2ngelo Pitombo Ser\u00e1 empossado amanh\u00e3 em S\u00e3o Paulo, como membro do Conselho de Assuntos Tribut\u00e1rios (CAT) da Federa\u00e7\u00e3o  ...<\/p><div class=\"clear\"><\/div>                                <\/div>\n                                                                                        <footer class=\"entry-meta aux-after-content\">\n                                                                        <div class=\"readmore\">\n                                        <a href=\"https:\/\/angelopitombo.com.br\/index.php\/2024\/01\/25\/baiano-integra-conselho-em-sp\/\" class=\"aux-read-more\"><span class=\"aux-read-more-text\">Leia mais<\/span><\/a>\n                                    <\/div>\n                                                                    <\/footer>\n                            \n                            <\/div>\n\n                        <\/article>\n<\/div><div class=\"aux-col post-366\">\n                        <article class=\"post column-entry post-366 type-post status-publish format-standard has-post-thumbnail hentry category-sem-categoria\">\n                                                        <div class=\"entry-media\"><div class=\"aux-media-frame aux-media-image aux-image-mask\"><a href=\"https:\/\/angelopitombo.com.br\/index.php\/2024\/01\/25\/reforma-tributaria-e-o-contencioso-administrativo-tributario-nacional\/\"><img decoding=\"async\" src=\"https:\/\/angelopitombo.com.br\/wp-content\/uploads\/2024\/01\/reforma-tributaria-637x449.jpg\" class=\"aux-attachment aux-featured-image attachment-636.66666666667x449.35933333333 aux-attachment-id-364 \" alt=\"reforma-tributaria\" srcset=\"https:\/\/angelopitombo.com.br\/wp-content\/uploads\/2024\/01\/reforma-tributaria-150x106.jpg 150w,https:\/\/angelopitombo.com.br\/wp-content\/uploads\/2024\/01\/reforma-tributaria-300x212.jpg 300w,https:\/\/angelopitombo.com.br\/wp-content\/uploads\/2024\/01\/reforma-tributaria-768x542.jpg 768w,https:\/\/angelopitombo.com.br\/wp-content\/uploads\/2024\/01\/reforma-tributaria-1024x723.jpg 1024w,https:\/\/angelopitombo.com.br\/wp-content\/uploads\/2024\/01\/reforma-tributaria-637x449.jpg 637w,https:\/\/angelopitombo.com.br\/wp-content\/uploads\/2024\/01\/reforma-tributaria-1310x924.jpg 1310w\" data-ratio=\"1.42\" data-original-w=\"1320\" sizes=\"(max-width:479px) 480px,(max-width:767px) 768px,(max-width:1023px) 1024px,637px\" \/><\/a><\/div><\/div>\n                            \n                            <div class=\"entry-main\">\n                                                                                        \n                                <div class=\"entry-info\">\n                                                                                                                                                                                                        <\/div>\n                            \n                                <header class=\"entry-header\">\n                                \n                                    <h4 class=\"entry-title\">\n                                        <a href=\"https:\/\/angelopitombo.com.br\/index.php\/2024\/01\/25\/reforma-tributaria-e-o-contencioso-administrativo-tributario-nacional\/\">\n                                            Reforma tribut\u00e1ria e o contencioso administrativo tribut\u00e1rio nacional                                        <\/a>\n                                    <\/h4>\n                                                                    <div class=\"entry-format\">\n                                        <a href=\"https:\/\/angelopitombo.com.br\/index.php\/2024\/01\/25\/reforma-tributaria-e-o-contencioso-administrativo-tributario-nacional\/\">\n                                            <div class=\"post-format format-\"> <\/div>\n                                        <\/a>\n                                    <\/div>\n                                <\/header>\n                            \n                                                            <div class=\"entry-content\">\n                                                                            <p>\nA atual Constitui\u00e7\u00e3o Federal, garantiu a exist\u00eancia de um Contencioso Administrativo Tribut\u00e1rio, contudo, lhe restringiu ao desempenho da jurisdi\u00e7\u00e3o  ...<\/p><div class=\"clear\"><\/div>                                <\/div>\n                                                                                        <footer class=\"entry-meta aux-after-content\">\n                                                                        <div class=\"readmore\">\n                                        <a href=\"https:\/\/angelopitombo.com.br\/index.php\/2024\/01\/25\/reforma-tributaria-e-o-contencioso-administrativo-tributario-nacional\/\" class=\"aux-read-more\"><span class=\"aux-read-more-text\">Leia mais<\/span><\/a>\n                                    <\/div>\n                                                                    <\/footer>\n                            \n                            <\/div>\n\n                        <\/article>\n<\/div><\/div><\/section><!-- widget-container -->\t\t\t\t<\/div>\n\t\t\t\t<\/div>\n\t\t\t\t\t<\/div>\n\t\t<\/div>\n\t\t\t\t\t<\/div>\n\t\t<\/section>\n\t\t\t\t<\/div>\n\t\t","protected":false},"excerpt":{"rendered":"<p>Publica\u00e7\u00f5es | Edit As medidas tribut\u00e1rias adotadas pelos estados diante da pandemia da Covid-19 Com amparo nos levantamentos da Federa\u00e7\u00e3o das Ind\u00fastrias do Estado de S\u00e3o Paulo (Fiesp),&nbsp;73% das empresas precisar\u00e3o de cr\u00e9dito para capital de &#8230; Leia mais | Edit Baiano integra Conselho em SP O advogado tributarista baiano \u00c2ngelo Pitombo Ser\u00e1 empossado amanh\u00e3 [&hellip;]<\/p>\n","protected":false},"author":1,"featured_media":0,"parent":0,"menu_order":0,"comment_status":"closed","ping_status":"closed","template":"","meta":{"footnotes":""},"class_list":["post-168","page","type-page","status-publish","hentry"],"_links":{"self":[{"href":"https:\/\/angelopitombo.com.br\/index.php\/wp-json\/wp\/v2\/pages\/168","targetHints":{"allow":["GET"]}}],"collection":[{"href":"https:\/\/angelopitombo.com.br\/index.php\/wp-json\/wp\/v2\/pages"}],"about":[{"href":"https:\/\/angelopitombo.com.br\/index.php\/wp-json\/wp\/v2\/types\/page"}],"author":[{"embeddable":true,"href":"https:\/\/angelopitombo.com.br\/index.php\/wp-json\/wp\/v2\/users\/1"}],"replies":[{"embeddable":true,"href":"https:\/\/angelopitombo.com.br\/index.php\/wp-json\/wp\/v2\/comments?post=168"}],"version-history":[{"count":4,"href":"https:\/\/angelopitombo.com.br\/index.php\/wp-json\/wp\/v2\/pages\/168\/revisions"}],"predecessor-version":[{"id":582,"href":"https:\/\/angelopitombo.com.br\/index.php\/wp-json\/wp\/v2\/pages\/168\/revisions\/582"}],"wp:attachment":[{"href":"https:\/\/angelopitombo.com.br\/index.php\/wp-json\/wp\/v2\/media?parent=168"}],"curies":[{"name":"wp","href":"https:\/\/api.w.org\/{rel}","templated":true}]}}