{"id":167,"date":"2024-01-19T15:26:59","date_gmt":"2024-01-19T18:26:59","guid":{"rendered":"https:\/\/angelopitombo.com.br\/?page_id=167"},"modified":"2024-01-29T10:30:38","modified_gmt":"2024-01-29T13:30:38","slug":"areas-de-atuacao","status":"publish","type":"page","link":"https:\/\/angelopitombo.com.br\/index.php\/areas-de-atuacao\/","title":{"rendered":"\u00c1reas de atua\u00e7\u00e3o"},"content":{"rendered":"\t\t<div data-elementor-type=\"wp-page\" data-elementor-id=\"167\" class=\"elementor elementor-167\">\n\t\t\t\t\t\t<section class=\"elementor-section elementor-top-section elementor-element elementor-element-4a08ca1 elementor-section-boxed elementor-section-height-default elementor-section-height-default\" data-id=\"4a08ca1\" data-element_type=\"section\" data-settings=\"{&quot;background_background&quot;:&quot;classic&quot;}\">\n\t\t\t\t\t\t\t<div class=\"elementor-background-overlay\"><\/div>\n\t\t\t\t\t\t\t<div class=\"elementor-container elementor-column-gap-no\">\n\t\t\t\t\t<div class=\"aux-parallax-section elementor-column elementor-col-100 elementor-top-column elementor-element elementor-element-1420b7a\" data-id=\"1420b7a\" data-element_type=\"column\">\n\t\t\t<div class=\"elementor-widget-wrap elementor-element-populated\">\n\t\t\t\t\t\t<div class=\"elementor-element elementor-element-ee541b6 aux-appear-watch-animation aux-slide-from-bot elementor-widget elementor-widget-aux_modern_heading\" data-id=\"ee541b6\" data-element_type=\"widget\" data-widget_type=\"aux_modern_heading.default\">\n\t\t\t\t<div class=\"elementor-widget-container\">\n\t\t\t\t\t<section class=\"aux-widget-modern-heading\">\n            <div class=\"aux-widget-inner\"><p class=\"aux-modern-heading-primary\">\u00c1reas de atua\u00e7\u00e3o<\/p><div class=\"aux-modern-heading-divider\"><\/div><\/div>\n        <\/section>\t\t\t\t<\/div>\n\t\t\t\t<\/div>\n\t\t\t\t\t<\/div>\n\t\t<\/div>\n\t\t\t\t\t<\/div>\n\t\t<\/section>\n\t\t\t\t<section class=\"elementor-section elementor-top-section elementor-element elementor-element-6af06b7 elementor-section-full_width elementor-section-height-default elementor-section-height-default\" data-id=\"6af06b7\" data-element_type=\"section\">\n\t\t\t\t\t\t<div class=\"elementor-container elementor-column-gap-default\">\n\t\t\t\t\t<div class=\"aux-parallax-section elementor-column elementor-col-25 elementor-top-column elementor-element elementor-element-e37ad96\" data-id=\"e37ad96\" data-element_type=\"column\">\n\t\t\t<div class=\"elementor-widget-wrap elementor-element-populated\">\n\t\t\t\t\t\t<div class=\"elementor-element elementor-element-b34e147 aux-appear-watch-animation aux-fade-in elementor-widget elementor-widget-aux_modern_heading\" data-id=\"b34e147\" data-element_type=\"widget\" data-widget_type=\"aux_modern_heading.default\">\n\t\t\t\t<div class=\"elementor-widget-container\">\n\t\t\t\t\t<section class=\"aux-widget-modern-heading\">\n            <div class=\"aux-widget-inner\"><div class=\"aux-modern-heading-divider\"><\/div><h2 class=\"aux-modern-heading-primary\">Nossos servi\u00e7os<\/h2><h3 class=\"aux-modern-heading-secondary\"><span class=\"aux-head-before\">\u00c1reas de atua\u00e7\u00e3o<\/span><\/h3><\/div>\n        <\/section>\t\t\t\t<\/div>\n\t\t\t\t<\/div>\n\t\t\t\t\t<\/div>\n\t\t<\/div>\n\t\t\t\t<div class=\"aux-parallax-section elementor-column elementor-col-25 elementor-top-column elementor-element elementor-element-b7e27bc\" data-id=\"b7e27bc\" data-element_type=\"column\">\n\t\t\t<div class=\"elementor-widget-wrap elementor-element-populated\">\n\t\t\t\t\t\t<div class=\"elementor-element elementor-element-59b6eeb aux-appear-watch-animation aux-fade-in-right-1 elementor-position-top elementor-widget elementor-widget-image-box\" data-id=\"59b6eeb\" data-element_type=\"widget\" data-widget_type=\"image-box.default\">\n\t\t\t\t<div class=\"elementor-widget-container\">\n\t\t\t\t\t<div class=\"elementor-image-box-wrapper\"><figure class=\"elementor-image-box-img\"><img decoding=\"async\" width=\"70\" height=\"70\" src=\"https:\/\/angelopitombo.com.br\/wp-content\/uploads\/2024\/01\/direito-tributario.png\" class=\"attachment-full size-full wp-image-482\" alt=\"Direito Tribut\u00e1rio\" \/><\/figure><div class=\"elementor-image-box-content\"><h3 class=\"elementor-image-box-title\">Tribut\u00e1rio<\/h3><p class=\"elementor-image-box-description\">Expertise em direito tribut\u00e1rio para otimizar recursos, reduzir passivos fiscais e garantir conformidade. Solu\u00e7\u00f5es jur\u00eddicas que maximizam resultados financeiros.<\/p><\/div><\/div>\t\t\t\t<\/div>\n\t\t\t\t<\/div>\n\t\t\t\t\t<\/div>\n\t\t<\/div>\n\t\t\t\t<div class=\"aux-parallax-section elementor-column elementor-col-25 elementor-top-column elementor-element elementor-element-d933f06\" data-id=\"d933f06\" data-element_type=\"column\">\n\t\t\t<div class=\"elementor-widget-wrap elementor-element-populated\">\n\t\t\t\t\t\t<div class=\"elementor-element elementor-element-7b3e99f aux-appear-watch-animation aux-fade-in-right-1 elementor-position-top elementor-widget elementor-widget-image-box\" data-id=\"7b3e99f\" data-element_type=\"widget\" data-widget_type=\"image-box.default\">\n\t\t\t\t<div class=\"elementor-widget-container\">\n\t\t\t\t\t<div class=\"elementor-image-box-wrapper\"><figure class=\"elementor-image-box-img\"><img decoding=\"async\" width=\"70\" height=\"70\" src=\"https:\/\/angelopitombo.com.br\/wp-content\/uploads\/2024\/01\/direito-administrativo.png\" class=\"attachment-full size-full wp-image-495\" alt=\"\" \/><\/figure><div class=\"elementor-image-box-content\"><h3 class=\"elementor-image-box-title\">Administrativo<\/h3><p class=\"elementor-image-box-description\">Assessoria em direito administrativo. Solu\u00e7\u00f5es jur\u00eddicas eficazes para lit\u00edgios, contratos p\u00fablicos e processos administrativos. Expertise em defesa dos interesses p\u00fablicos e privados.\n\n\n\n <\/p><\/div><\/div>\t\t\t\t<\/div>\n\t\t\t\t<\/div>\n\t\t\t\t\t<\/div>\n\t\t<\/div>\n\t\t\t\t<div class=\"aux-parallax-section elementor-column elementor-col-25 elementor-top-column elementor-element elementor-element-f8d41eb\" data-id=\"f8d41eb\" data-element_type=\"column\">\n\t\t\t<div class=\"elementor-widget-wrap elementor-element-populated\">\n\t\t\t\t\t\t<div class=\"elementor-element elementor-element-af93865 aux-appear-watch-animation aux-fade-in-right-1 elementor-position-top elementor-widget elementor-widget-image-box\" data-id=\"af93865\" data-element_type=\"widget\" data-widget_type=\"image-box.default\">\n\t\t\t\t<div class=\"elementor-widget-container\">\n\t\t\t\t\t<div class=\"elementor-image-box-wrapper\"><figure class=\"elementor-image-box-img\"><img decoding=\"async\" width=\"70\" height=\"70\" src=\"https:\/\/angelopitombo.com.br\/wp-content\/uploads\/2024\/01\/direito-agrario.png\" class=\"attachment-full size-full wp-image-494\" alt=\"\" \/><\/figure><div class=\"elementor-image-box-content\"><h3 class=\"elementor-image-box-title\">Agr\u00e1rio<\/h3><p class=\"elementor-image-box-description\">Atua\u00e7\u00e3o especializada em direito agr\u00e1rio. Solu\u00e7\u00f5es jur\u00eddicas para propriedades rurais, contratos agr\u00edcolas e quest\u00f5es fundi\u00e1rias. Defenda seus interesses no campo com expertise.<\/p><\/div><\/div>\t\t\t\t<\/div>\n\t\t\t\t<\/div>\n\t\t\t\t\t<\/div>\n\t\t<\/div>\n\t\t\t\t\t<\/div>\n\t\t<\/section>\n\t\t\t\t<section class=\"elementor-section elementor-top-section elementor-element elementor-element-a3ec24a elementor-section-full_width elementor-section-height-default elementor-section-height-default\" data-id=\"a3ec24a\" data-element_type=\"section\">\n\t\t\t\t\t\t<div class=\"elementor-container elementor-column-gap-default\">\n\t\t\t\t\t<div class=\"aux-parallax-section elementor-column elementor-col-25 elementor-top-column elementor-element elementor-element-a7707ab\" data-id=\"a7707ab\" data-element_type=\"column\">\n\t\t\t<div class=\"elementor-widget-wrap elementor-element-populated\">\n\t\t\t\t\t\t<div class=\"elementor-element elementor-element-2787f44 aux-appear-watch-animation aux-fade-in-right-1 elementor-position-top elementor-widget elementor-widget-image-box\" data-id=\"2787f44\" data-element_type=\"widget\" data-widget_type=\"image-box.default\">\n\t\t\t\t<div class=\"elementor-widget-container\">\n\t\t\t\t\t<div class=\"elementor-image-box-wrapper\"><figure class=\"elementor-image-box-img\"><img loading=\"lazy\" decoding=\"async\" width=\"70\" height=\"70\" src=\"https:\/\/angelopitombo.com.br\/wp-content\/uploads\/2024\/01\/direito-civil.png\" class=\"attachment-full size-full wp-image-493\" alt=\"\" \/><\/figure><div class=\"elementor-image-box-content\"><h3 class=\"elementor-image-box-title\">Civil<\/h3><p class=\"elementor-image-box-description\">Assessoria jur\u00eddica em direito civil. Resolvemos lit\u00edgios, elaboramos contratos e protegemos seus direitos. Expertise em quest\u00f5es familiares, contratuais e responsabilidade civil.<\/p><\/div><\/div>\t\t\t\t<\/div>\n\t\t\t\t<\/div>\n\t\t\t\t\t<\/div>\n\t\t<\/div>\n\t\t\t\t<div class=\"aux-parallax-section elementor-column elementor-col-25 elementor-top-column elementor-element elementor-element-d3eba4a\" data-id=\"d3eba4a\" data-element_type=\"column\">\n\t\t\t<div class=\"elementor-widget-wrap elementor-element-populated\">\n\t\t\t\t\t\t<div class=\"elementor-element elementor-element-9bbce4d aux-appear-watch-animation aux-fade-in-right-1 elementor-position-top elementor-widget elementor-widget-image-box\" data-id=\"9bbce4d\" data-element_type=\"widget\" data-widget_type=\"image-box.default\">\n\t\t\t\t<div class=\"elementor-widget-container\">\n\t\t\t\t\t<div class=\"elementor-image-box-wrapper\"><figure class=\"elementor-image-box-img\"><img loading=\"lazy\" decoding=\"async\" width=\"70\" height=\"70\" src=\"https:\/\/angelopitombo.com.br\/wp-content\/uploads\/2024\/01\/direito-empresarial.png\" class=\"attachment-full size-full wp-image-492\" alt=\"\" \/><\/figure><div class=\"elementor-image-box-content\"><h3 class=\"elementor-image-box-title\">Empresarial<\/h3><p class=\"elementor-image-box-description\">Advocacia em direito empresarial. Estrat\u00e9gias legais para neg\u00f3cios prosperarem. Contratos, fus\u00f5es e compliance. Protegemos seus interesses para um crescimento sustent\u00e1vel.\n\n\n\n <\/p><\/div><\/div>\t\t\t\t<\/div>\n\t\t\t\t<\/div>\n\t\t\t\t\t<\/div>\n\t\t<\/div>\n\t\t\t\t<div class=\"aux-parallax-section elementor-column elementor-col-25 elementor-top-column elementor-element elementor-element-a92741c\" data-id=\"a92741c\" data-element_type=\"column\">\n\t\t\t<div class=\"elementor-widget-wrap elementor-element-populated\">\n\t\t\t\t\t\t<div class=\"elementor-element elementor-element-8cab217 aux-appear-watch-animation aux-fade-in-right-1 elementor-position-top elementor-widget elementor-widget-image-box\" data-id=\"8cab217\" data-element_type=\"widget\" data-widget_type=\"image-box.default\">\n\t\t\t\t<div class=\"elementor-widget-container\">\n\t\t\t\t\t<div class=\"elementor-image-box-wrapper\"><figure class=\"elementor-image-box-img\"><img loading=\"lazy\" decoding=\"async\" width=\"70\" height=\"70\" src=\"https:\/\/angelopitombo.com.br\/wp-content\/uploads\/2024\/01\/contratos.png\" class=\"attachment-full size-full wp-image-491\" alt=\"\" \/><\/figure><div class=\"elementor-image-box-content\"><h3 class=\"elementor-image-box-title\">Contratos<\/h3><p class=\"elementor-image-box-description\">Especialistas em direito de contratos. Elaboramos, negociamos e defendemos seus acordos legais. Garanta seguran\u00e7a e clareza nas rela\u00e7\u00f5es comerciais. Consultoria jur\u00eddica especializada.\n\n\n\n <\/p><\/div><\/div>\t\t\t\t<\/div>\n\t\t\t\t<\/div>\n\t\t\t\t\t<\/div>\n\t\t<\/div>\n\t\t\t\t<div class=\"aux-parallax-section elementor-column elementor-col-25 elementor-top-column elementor-element elementor-element-3598382\" data-id=\"3598382\" data-element_type=\"column\">\n\t\t\t<div class=\"elementor-widget-wrap elementor-element-populated\">\n\t\t\t\t\t\t<div class=\"elementor-element elementor-element-7059679 aux-appear-watch-animation aux-fade-in-right-1 elementor-position-top elementor-widget elementor-widget-image-box\" data-id=\"7059679\" data-element_type=\"widget\" data-widget_type=\"image-box.default\">\n\t\t\t\t<div class=\"elementor-widget-container\">\n\t\t\t\t\t<div class=\"elementor-image-box-wrapper\"><figure class=\"elementor-image-box-img\"><img loading=\"lazy\" decoding=\"async\" width=\"70\" height=\"70\" src=\"https:\/\/angelopitombo.com.br\/wp-content\/uploads\/2024\/01\/direito-eleitoral.png\" class=\"attachment-full size-full wp-image-490\" alt=\"\" \/><\/figure><div class=\"elementor-image-box-content\"><h3 class=\"elementor-image-box-title\">Eleitoral<\/h3><p class=\"elementor-image-box-description\">Assessoria em direito eleitoral. Protegemos seus direitos pol\u00edticos, garantimos conformidade legal e representamos candidatos. Expertise em processos eleitorais, campanhas e legisla\u00e7\u00e3o vigente.<\/p><\/div><\/div>\t\t\t\t<\/div>\n\t\t\t\t<\/div>\n\t\t\t\t\t<\/div>\n\t\t<\/div>\n\t\t\t\t\t<\/div>\n\t\t<\/section>\n\t\t\t\t<section class=\"elementor-section elementor-top-section elementor-element elementor-element-5a7332d elementor-section-full_width elementor-section-height-default elementor-section-height-default\" data-id=\"5a7332d\" data-element_type=\"section\">\n\t\t\t\t\t\t<div class=\"elementor-container elementor-column-gap-default\">\n\t\t\t\t\t<div class=\"aux-parallax-section elementor-column elementor-col-25 elementor-top-column elementor-element elementor-element-e96e49e\" data-id=\"e96e49e\" data-element_type=\"column\">\n\t\t\t<div class=\"elementor-widget-wrap elementor-element-populated\">\n\t\t\t\t\t\t<div class=\"elementor-element elementor-element-08a3717 aux-appear-watch-animation aux-fade-in-right-1 elementor-position-top elementor-widget elementor-widget-image-box\" data-id=\"08a3717\" data-element_type=\"widget\" data-widget_type=\"image-box.default\">\n\t\t\t\t<div class=\"elementor-widget-container\">\n\t\t\t\t\t<div class=\"elementor-image-box-wrapper\"><figure class=\"elementor-image-box-img\"><img loading=\"lazy\" decoding=\"async\" width=\"70\" height=\"70\" src=\"https:\/\/angelopitombo.com.br\/wp-content\/uploads\/2024\/01\/direito-do-consumidor.png\" class=\"attachment-full size-full wp-image-489\" alt=\"\" \/><\/figure><div class=\"elementor-image-box-content\"><h3 class=\"elementor-image-box-title\">Consumidor<\/h3><p class=\"elementor-image-box-description\">Defesa dos direitos do consumidor. Resolu\u00e7\u00e3o de conflitos, a\u00e7\u00f5es judiciais e orienta\u00e7\u00e3o legal para garantir uma experi\u00eancia segura e justa nas rela\u00e7\u00f5es de consumo.<\/p><\/div><\/div>\t\t\t\t<\/div>\n\t\t\t\t<\/div>\n\t\t\t\t\t<\/div>\n\t\t<\/div>\n\t\t\t\t<div class=\"aux-parallax-section elementor-column elementor-col-25 elementor-top-column elementor-element elementor-element-8691b4c\" data-id=\"8691b4c\" data-element_type=\"column\">\n\t\t\t<div class=\"elementor-widget-wrap elementor-element-populated\">\n\t\t\t\t\t\t<div class=\"elementor-element elementor-element-02a0bb1 aux-appear-watch-animation aux-fade-in-right-1 elementor-position-top elementor-widget elementor-widget-image-box\" data-id=\"02a0bb1\" data-element_type=\"widget\" data-widget_type=\"image-box.default\">\n\t\t\t\t<div class=\"elementor-widget-container\">\n\t\t\t\t\t<div class=\"elementor-image-box-wrapper\"><figure class=\"elementor-image-box-img\"><img loading=\"lazy\" decoding=\"async\" width=\"70\" height=\"70\" src=\"https:\/\/angelopitombo.com.br\/wp-content\/uploads\/2024\/01\/direito-ambiental.png\" class=\"attachment-full size-full wp-image-488\" alt=\"\" \/><\/figure><div class=\"elementor-image-box-content\"><h3 class=\"elementor-image-box-title\">Ambiental<\/h3><p class=\"elementor-image-box-description\">Compromisso com a prote\u00e7\u00e3o ambiental. Advocacia especializada em direito ambiental, assegurando conformidade legal, sustentabilidade e resolu\u00e7\u00e3o de lit\u00edgios ambientais.\n\n\n <\/p><\/div><\/div>\t\t\t\t<\/div>\n\t\t\t\t<\/div>\n\t\t\t\t\t<\/div>\n\t\t<\/div>\n\t\t\t\t<div class=\"aux-parallax-section elementor-column elementor-col-25 elementor-top-column elementor-element elementor-element-b00b2c6\" data-id=\"b00b2c6\" data-element_type=\"column\">\n\t\t\t<div class=\"elementor-widget-wrap elementor-element-populated\">\n\t\t\t\t\t\t<div class=\"elementor-element elementor-element-7928319 aux-appear-watch-animation aux-fade-in-right-1 elementor-position-top elementor-widget elementor-widget-image-box\" data-id=\"7928319\" data-element_type=\"widget\" data-widget_type=\"image-box.default\">\n\t\t\t\t<div class=\"elementor-widget-container\">\n\t\t\t\t\t<div class=\"elementor-image-box-wrapper\"><figure class=\"elementor-image-box-img\"><img loading=\"lazy\" decoding=\"async\" width=\"70\" height=\"70\" src=\"https:\/\/angelopitombo.com.br\/wp-content\/uploads\/2024\/01\/compliance.png\" class=\"attachment-full size-full wp-image-487\" alt=\"\" \/><\/figure><div class=\"elementor-image-box-content\"><h3 class=\"elementor-image-box-title\">Compliance<\/h3><p class=\"elementor-image-box-description\">Consultoria em direito compliance. Desenvolvemos programas eficazes, garantindo conformidade legal, \u00e9tica corporativa e preven\u00e7\u00e3o de riscos. Proteja sua empresa com nossos servi\u00e7os especializados.\n\n\n\n <\/p><\/div><\/div>\t\t\t\t<\/div>\n\t\t\t\t<\/div>\n\t\t\t\t\t<\/div>\n\t\t<\/div>\n\t\t\t\t<div class=\"aux-parallax-section elementor-column elementor-col-25 elementor-top-column elementor-element elementor-element-648a7d5\" data-id=\"648a7d5\" data-element_type=\"column\">\n\t\t\t<div class=\"elementor-widget-wrap elementor-element-populated\">\n\t\t\t\t\t\t<div class=\"elementor-element elementor-element-9ac3b70 aux-appear-watch-animation aux-fade-in-right-1 elementor-position-top elementor-widget elementor-widget-image-box\" data-id=\"9ac3b70\" data-element_type=\"widget\" data-widget_type=\"image-box.default\">\n\t\t\t\t<div class=\"elementor-widget-container\">\n\t\t\t\t\t<div class=\"elementor-image-box-wrapper\"><figure class=\"elementor-image-box-img\"><img loading=\"lazy\" decoding=\"async\" width=\"70\" height=\"70\" src=\"https:\/\/angelopitombo.com.br\/wp-content\/uploads\/2024\/01\/direito-societario.png\" class=\"attachment-full size-full wp-image-486\" alt=\"\" \/><\/figure><div class=\"elementor-image-box-content\"><h3 class=\"elementor-image-box-title\">Societ\u00e1rio<\/h3><p class=\"elementor-image-box-description\">Assessoria jur\u00eddica em direito societ\u00e1rio. Estrutura\u00e7\u00e3o e gest\u00e3o de sociedades, fus\u00f5es e aquisi\u00e7\u00f5es. Expertise em contratos empresariais e governan\u00e7a corporativa. Protegemos seus interesses empresariais.<\/p><\/div><\/div>\t\t\t\t<\/div>\n\t\t\t\t<\/div>\n\t\t\t\t\t<\/div>\n\t\t<\/div>\n\t\t\t\t\t<\/div>\n\t\t<\/section>\n\t\t\t\t<\/div>\n\t\t","protected":false},"excerpt":{"rendered":"<p>\u00c1reas de atua\u00e7\u00e3o Nossos servi\u00e7os \u00c1reas de atua\u00e7\u00e3o Tribut\u00e1rio Expertise em direito tribut\u00e1rio para otimizar recursos, reduzir passivos fiscais e garantir conformidade. Solu\u00e7\u00f5es jur\u00eddicas que maximizam resultados financeiros. Administrativo Assessoria em direito administrativo. Solu\u00e7\u00f5es jur\u00eddicas eficazes para lit\u00edgios, contratos p\u00fablicos e processos administrativos. Expertise em defesa dos interesses p\u00fablicos e privados. Agr\u00e1rio Atua\u00e7\u00e3o especializada em [&hellip;]<\/p>\n","protected":false},"author":1,"featured_media":0,"parent":0,"menu_order":0,"comment_status":"closed","ping_status":"closed","template":"","meta":{"footnotes":""},"class_list":["post-167","page","type-page","status-publish","hentry"],"_links":{"self":[{"href":"https:\/\/angelopitombo.com.br\/index.php\/wp-json\/wp\/v2\/pages\/167","targetHints":{"allow":["GET"]}}],"collection":[{"href":"https:\/\/angelopitombo.com.br\/index.php\/wp-json\/wp\/v2\/pages"}],"about":[{"href":"https:\/\/angelopitombo.com.br\/index.php\/wp-json\/wp\/v2\/types\/page"}],"author":[{"embeddable":true,"href":"https:\/\/angelopitombo.com.br\/index.php\/wp-json\/wp\/v2\/users\/1"}],"replies":[{"embeddable":true,"href":"https:\/\/angelopitombo.com.br\/index.php\/wp-json\/wp\/v2\/comments?post=167"}],"version-history":[{"count":7,"href":"https:\/\/angelopitombo.com.br\/index.php\/wp-json\/wp\/v2\/pages\/167\/revisions"}],"predecessor-version":[{"id":598,"href":"https:\/\/angelopitombo.com.br\/index.php\/wp-json\/wp\/v2\/pages\/167\/revisions\/598"}],"wp:attachment":[{"href":"https:\/\/angelopitombo.com.br\/index.php\/wp-json\/wp\/v2\/media?parent=167"}],"curies":[{"name":"wp","href":"https:\/\/api.w.org\/{rel}","templated":true}]}}