{"id":166,"date":"2024-01-19T15:26:51","date_gmt":"2024-01-19T18:26:51","guid":{"rendered":"https:\/\/angelopitombo.com.br\/?page_id=166"},"modified":"2024-01-29T10:14:33","modified_gmt":"2024-01-29T13:14:33","slug":"o-escritorio","status":"publish","type":"page","link":"https:\/\/angelopitombo.com.br\/index.php\/o-escritorio\/","title":{"rendered":"O Escrit\u00f3rio"},"content":{"rendered":"\t\t<div data-elementor-type=\"wp-page\" data-elementor-id=\"166\" class=\"elementor elementor-166\">\n\t\t\t\t\t\t<section class=\"elementor-section elementor-top-section elementor-element elementor-element-fe8e30e elementor-section-boxed elementor-section-height-default elementor-section-height-default\" data-id=\"fe8e30e\" data-element_type=\"section\" data-settings=\"{&quot;background_background&quot;:&quot;classic&quot;}\">\n\t\t\t\t\t\t\t<div class=\"elementor-background-overlay\"><\/div>\n\t\t\t\t\t\t\t<div class=\"elementor-container elementor-column-gap-no\">\n\t\t\t\t\t<div class=\"aux-parallax-section elementor-column elementor-col-100 elementor-top-column elementor-element elementor-element-2c8eb41\" data-id=\"2c8eb41\" data-element_type=\"column\">\n\t\t\t<div class=\"elementor-widget-wrap elementor-element-populated\">\n\t\t\t\t\t\t<div class=\"elementor-element elementor-element-47e2532 aux-appear-watch-animation aux-slide-from-bot elementor-widget elementor-widget-aux_modern_heading\" data-id=\"47e2532\" data-element_type=\"widget\" data-widget_type=\"aux_modern_heading.default\">\n\t\t\t\t<div class=\"elementor-widget-container\">\n\t\t\t\t\t<section class=\"aux-widget-modern-heading\">\n            <div class=\"aux-widget-inner\"><p class=\"aux-modern-heading-primary\">O Escrit\u00f3rio<\/p><div class=\"aux-modern-heading-divider\"><\/div><\/div>\n        <\/section>\t\t\t\t<\/div>\n\t\t\t\t<\/div>\n\t\t\t\t\t<\/div>\n\t\t<\/div>\n\t\t\t\t\t<\/div>\n\t\t<\/section>\n\t\t\t\t<section class=\"elementor-section elementor-top-section elementor-element elementor-element-50e462a1 elementor-section-boxed elementor-section-height-default elementor-section-height-default\" data-id=\"50e462a1\" data-element_type=\"section\">\n\t\t\t\t\t\t<div class=\"elementor-container elementor-column-gap-no\">\n\t\t\t\t\t<div class=\"aux-parallax-section elementor-column elementor-col-50 elementor-top-column elementor-element elementor-element-64b1ce8\" data-id=\"64b1ce8\" data-element_type=\"column\">\n\t\t\t<div class=\"elementor-widget-wrap elementor-element-populated\">\n\t\t\t\t\t\t<div class=\"elementor-element elementor-element-11a13dea aux-appear-watch-animation aux-fade-in-up elementor-widget elementor-widget-aux_modern_heading\" data-id=\"11a13dea\" data-element_type=\"widget\" data-widget_type=\"aux_modern_heading.default\">\n\t\t\t\t<div class=\"elementor-widget-container\">\n\t\t\t\t\t<section class=\"aux-widget-modern-heading\">\n            <div class=\"aux-widget-inner\"><div class=\"aux-modern-heading-primary\">Equipe comprometida em encontrar as melhores estrat\u00e9gias jur\u00eddicas<\/div><div class=\"aux-modern-heading-description\">O escrit\u00f3rio \u00c2ngelo Pitombo, tem atua\u00e7\u00e3o nos mais diversos ramos do Direito, incluindo o servi\u00e7o de correspond\u00eancia, com destaque para as especialidades em Tribut\u00e1rio, Agr\u00e1rio, Ambiental, Empresarial, Civil e Administrativo, onde trabalhamos no contencioso e consultivo, tanto no \u00e2mbito administrativo como no judicial.<\/div><\/div>\n        <\/section>\t\t\t\t<\/div>\n\t\t\t\t<\/div>\n\t\t<div class=\"aux-parallax-section elementor-element elementor-element-b5350fd e-con-full e-flex e-con e-parent\" data-id=\"b5350fd\" data-element_type=\"container\">\n\t\t<div class=\"elementor-element elementor-element-684334c e-flex e-con-boxed e-con e-child\" data-id=\"684334c\" data-element_type=\"container\">\n\t\t\t\t\t<div class=\"e-con-inner\">\n\t\t\t\t<div class=\"elementor-element elementor-element-88d9494 elementor-widget elementor-widget-aux_modern_heading\" data-id=\"88d9494\" data-element_type=\"widget\" data-widget_type=\"aux_modern_heading.default\">\n\t\t\t\t<div class=\"elementor-widget-container\">\n\t\t\t\t\t<section class=\"aux-widget-modern-heading\">\n            <div class=\"aux-widget-inner\"><h2 class=\"aux-modern-heading-primary\">MISS\u00c3O E VALORES<\/h2><div class=\"aux-modern-heading-description\">Prestar servi\u00e7os jur\u00eddicos ao cliente, de forma c\u00e9lere e eficiente, zelando pela qualidade e respeito, e pautando-se na \u00e9tica dos instrumentos tradicionais e inovadores do Direito, para aplica\u00e7\u00e3o transparente da Justi\u00e7a , assumindo as necessidades dos clientes e persistindo na busca de solu\u00e7\u00f5es.<\/div><\/div>\n        <\/section>\t\t\t\t<\/div>\n\t\t\t\t<\/div>\n\t\t\t\t\t<\/div>\n\t\t\t\t<\/div>\n\t\t<div class=\"elementor-element elementor-element-9b5742d e-flex e-con-boxed e-con e-child\" data-id=\"9b5742d\" data-element_type=\"container\">\n\t\t\t\t\t<div class=\"e-con-inner\">\n\t\t\t\t<div class=\"elementor-element elementor-element-cb9f162 elementor-widget elementor-widget-aux_modern_heading\" data-id=\"cb9f162\" data-element_type=\"widget\" data-widget_type=\"aux_modern_heading.default\">\n\t\t\t\t<div class=\"elementor-widget-container\">\n\t\t\t\t\t<section class=\"aux-widget-modern-heading\">\n            <div class=\"aux-widget-inner\"><h2 class=\"aux-modern-heading-primary\">CORRESPOND\u00caNCIA<\/h2><div class=\"aux-modern-heading-description\">O escrit\u00f3rio \u00c2ngelo Pitombo disp\u00f5e do servi\u00e7o de correspond\u00eancia jur\u00eddica, com necess\u00e1rio suporte aos clientes, atrav\u00e9s de experientes profissionais que proporcionam celeridade nas solu\u00e7\u00f5es das demandas advindas desta e de outras unidades Federativas.<\/div><\/div>\n        <\/section>\t\t\t\t<\/div>\n\t\t\t\t<\/div>\n\t\t\t\t\t<\/div>\n\t\t\t\t<\/div>\n\t\t<div class=\"elementor-element elementor-element-ab84740 e-flex e-con-boxed e-con e-child\" data-id=\"ab84740\" data-element_type=\"container\">\n\t\t\t\t\t<div class=\"e-con-inner\">\n\t\t\t\t<div class=\"elementor-element elementor-element-ef0e3a4 elementor-widget elementor-widget-aux_modern_heading\" data-id=\"ef0e3a4\" data-element_type=\"widget\" data-widget_type=\"aux_modern_heading.default\">\n\t\t\t\t<div class=\"elementor-widget-container\">\n\t\t\t\t\t<section class=\"aux-widget-modern-heading\">\n            <div class=\"aux-widget-inner\"><h2 class=\"aux-modern-heading-primary\">ESTRUTURA<\/h2><div class=\"aux-modern-heading-description\">Localizado na mais privilegiada \u00e1rea de neg\u00f3cios e servi\u00e7os de Salvador, a apenas 350m do Salvador Shopping, est\u00e1 sediado em importante centro empresarial, no Edf. Orlando Gomes, no centro profissional da cidade.<\/div><\/div>\n        <\/section>\t\t\t\t<\/div>\n\t\t\t\t<\/div>\n\t\t\t\t\t<\/div>\n\t\t\t\t<\/div>\n\t\t\t\t<\/div>\n\t\t\t\t\t<\/div>\n\t\t<\/div>\n\t\t\t\t<div class=\"aux-parallax-section elementor-column elementor-col-25 elementor-top-column elementor-element elementor-element-6a96cbb\" data-id=\"6a96cbb\" data-element_type=\"column\">\n\t\t\t<div class=\"elementor-widget-wrap elementor-element-populated\">\n\t\t\t\t\t\t<div class=\"elementor-element elementor-element-2f9115d9 aux-appear-watch-animation aux-fade-in-down elementor-widget elementor-widget-aux_image\" data-id=\"2f9115d9\" data-element_type=\"widget\" data-widget_type=\"aux_image.default\">\n\t\t\t\t<div class=\"elementor-widget-container\">\n\t\t\t\t\t<section class=\"widget-container aux-widget-image aux-alignnone aux-parent-aub5920dcc\">\n    <div class=\"aux-media-hint-frame \">\n        <div class=\"aux-media-image \" >\n        \n            \n\n            \n            <img fetchpriority=\"high\" decoding=\"async\" width=\"378\" height=\"550\" src=\"https:\/\/angelopitombo.com.br\/wp-content\/uploads\/2024\/01\/angelo-pitombo-tributarista.jpg\" class=\"aux-attachment aux-featured-image aux-attachment-id-530\" alt=\"angelo-pitombo-tributarista\" data-ratio=\"0.69\" data-original-w=\"378\" \/>            \n                <\/div>\n    <\/div>\n\n<\/section><!-- widget-container -->\t\t\t\t<\/div>\n\t\t\t\t<\/div>\n\t\t\t\t\t<\/div>\n\t\t<\/div>\n\t\t\t\t<div class=\"aux-parallax-section elementor-column elementor-col-25 elementor-top-column elementor-element elementor-element-23a05973\" data-id=\"23a05973\" data-element_type=\"column\">\n\t\t\t<div class=\"elementor-widget-wrap elementor-element-populated\">\n\t\t\t\t\t\t<div class=\"elementor-element elementor-element-15ba6832 aux-appear-watch-animation aux-fade-in-right-1 elementor-widget elementor-widget-aux_image\" data-id=\"15ba6832\" data-element_type=\"widget\" data-widget_type=\"aux_image.default\">\n\t\t\t\t<div class=\"elementor-widget-container\">\n\t\t\t\t\t<section class=\"widget-container aux-widget-image aux-alignnone aux-parent-au1d836b9c\">\n    <div class=\"aux-media-hint-frame \">\n        <div class=\"aux-media-image \" >\n        \n            \n\n            \n            <img decoding=\"async\" width=\"272\" height=\"260\" src=\"https:\/\/angelopitombo.com.br\/wp-content\/uploads\/2024\/01\/escritorio-advocacia-tributaria-em-salvador.jpg\" class=\"aux-attachment aux-featured-image aux-attachment-id-563\" alt=\"escritorio-advocacia-tributaria-em-salvador\" data-ratio=\"1.05\" data-original-w=\"272\" \/>            \n                <\/div>\n    <\/div>\n\n<\/section><!-- widget-container -->\t\t\t\t<\/div>\n\t\t\t\t<\/div>\n\t\t\t\t<div class=\"elementor-element elementor-element-41d2eb9a aux-appear-watch-animation aux-fade-in-up-1 elementor-widget elementor-widget-aux_image\" data-id=\"41d2eb9a\" data-element_type=\"widget\" data-widget_type=\"aux_image.default\">\n\t\t\t\t<div class=\"elementor-widget-container\">\n\t\t\t\t\t<section class=\"widget-container aux-widget-image aux-alignnone aux-parent-au1a4abcd5\">\n    <div class=\"aux-media-hint-frame \">\n        <div class=\"aux-media-image \" >\n        \n            \n\n            \n            <img decoding=\"async\" width=\"272\" height=\"260\" src=\"https:\/\/angelopitombo.com.br\/wp-content\/uploads\/2024\/01\/advogado-tributarista-em-salvador.jpg\" class=\"aux-attachment aux-featured-image aux-attachment-id-562\" alt=\"advogado-tributarista-em-salvador\" data-ratio=\"1.05\" data-original-w=\"272\" \/>            \n                <\/div>\n    <\/div>\n\n<\/section><!-- widget-container -->\t\t\t\t<\/div>\n\t\t\t\t<\/div>\n\t\t\t\t\t<\/div>\n\t\t<\/div>\n\t\t\t\t\t<\/div>\n\t\t<\/section>\n\t\t<div class=\"aux-parallax-section elementor-element elementor-element-b45d07d e-flex e-con-boxed e-con e-parent\" data-id=\"b45d07d\" data-element_type=\"container\">\n\t\t\t\t\t<div class=\"e-con-inner\">\n\t\t\t\t\t<\/div>\n\t\t\t\t<\/div>\n\t\t\t\t<\/div>\n\t\t","protected":false},"excerpt":{"rendered":"<p>O Escrit\u00f3rio Equipe comprometida em encontrar as melhores estrat\u00e9gias jur\u00eddicasO escrit\u00f3rio \u00c2ngelo Pitombo, tem atua\u00e7\u00e3o nos mais diversos ramos do Direito, incluindo o servi\u00e7o de correspond\u00eancia, com destaque para as especialidades em Tribut\u00e1rio, Agr\u00e1rio, Ambiental, Empresarial, Civil e Administrativo, onde trabalhamos no contencioso e consultivo, tanto no \u00e2mbito administrativo como no judicial. MISS\u00c3O E VALORES [&hellip;]<\/p>\n","protected":false},"author":1,"featured_media":0,"parent":0,"menu_order":0,"comment_status":"closed","ping_status":"closed","template":"","meta":{"footnotes":""},"class_list":["post-166","page","type-page","status-publish","hentry"],"_links":{"self":[{"href":"https:\/\/angelopitombo.com.br\/index.php\/wp-json\/wp\/v2\/pages\/166","targetHints":{"allow":["GET"]}}],"collection":[{"href":"https:\/\/angelopitombo.com.br\/index.php\/wp-json\/wp\/v2\/pages"}],"about":[{"href":"https:\/\/angelopitombo.com.br\/index.php\/wp-json\/wp\/v2\/types\/page"}],"author":[{"embeddable":true,"href":"https:\/\/angelopitombo.com.br\/index.php\/wp-json\/wp\/v2\/users\/1"}],"replies":[{"embeddable":true,"href":"https:\/\/angelopitombo.com.br\/index.php\/wp-json\/wp\/v2\/comments?post=166"}],"version-history":[{"count":40,"href":"https:\/\/angelopitombo.com.br\/index.php\/wp-json\/wp\/v2\/pages\/166\/revisions"}],"predecessor-version":[{"id":566,"href":"https:\/\/angelopitombo.com.br\/index.php\/wp-json\/wp\/v2\/pages\/166\/revisions\/566"}],"wp:attachment":[{"href":"https:\/\/angelopitombo.com.br\/index.php\/wp-json\/wp\/v2\/media?parent=166"}],"curies":[{"name":"wp","href":"https:\/\/api.w.org\/{rel}","templated":true}]}}